{"id":1665,"date":"2023-11-13T05:43:42","date_gmt":"2023-11-13T05:43:42","guid":{"rendered":"https:\/\/indmeas.com\/?page_id=1665"},"modified":"2026-04-29T06:47:13","modified_gmt":"2026-04-29T06:47:13","slug":"integritetspolicy","status":"publish","type":"page","link":"https:\/\/indmeas.com\/sv\/integritetspolicy\/","title":{"rendered":"Integritetspolicy"},"content":{"rendered":"<style>.kb-row-layout-id3_d6a340-32 > .kt-row-column-wrap{align-content:start;}:where(.kb-row-layout-id3_d6a340-32 > .kt-row-column-wrap) > .wp-block-kadence-column{justify-content:start;}.kb-row-layout-id3_d6a340-32 > .kt-row-column-wrap{column-gap:var(--global-kb-gap-md, 2rem);row-gap:var(--global-kb-gap-md, 2rem);max-width:800px;margin-left:auto;margin-right:auto;padding-top:var(--global-kb-spacing-xxl, 5rem);padding-bottom:var(--global-kb-spacing-xxl, 5rem);grid-template-columns:minmax(0, 1fr);}.kb-row-layout-id3_d6a340-32 > .kt-row-layout-overlay{opacity:0.30;}@media all and (max-width: 1024px){.kb-row-layout-id3_d6a340-32 > .kt-row-column-wrap{grid-template-columns:minmax(0, 1fr);}}@media all and (max-width: 767px){.kb-row-layout-id3_d6a340-32 > .kt-row-column-wrap{grid-template-columns:minmax(0, 1fr);}}<\/style><div class=\"kb-row-layout-wrap kb-row-layout-id3_d6a340-32 alignfull has-theme-palette7-background-color kt-row-has-bg wp-block-kadence-rowlayout\"><div class=\"kt-row-column-wrap kt-has-1-columns kt-row-layout-equal kt-tab-layout-inherit kt-mobile-layout-row kt-row-valign-top\">\n<style>.kadence-column3_0a4645-91 > .kt-inside-inner-col,.kadence-column3_0a4645-91 > .kt-inside-inner-col:before{border-top-left-radius:0px;border-top-right-radius:0px;border-bottom-right-radius:0px;border-bottom-left-radius:0px;}.kadence-column3_0a4645-91 > .kt-inside-inner-col{column-gap:var(--global-kb-gap-sm, 1rem);}.kadence-column3_0a4645-91 > .kt-inside-inner-col{flex-direction:column;}.kadence-column3_0a4645-91 > .kt-inside-inner-col > .aligncenter{width:100%;}.kadence-column3_0a4645-91 > .kt-inside-inner-col:before{opacity:0.3;}.kadence-column3_0a4645-91{position:relative;}@media all and (max-width: 1024px){.kadence-column3_0a4645-91 > .kt-inside-inner-col{flex-direction:column;justify-content:center;}}@media all and (max-width: 767px){.kadence-column3_0a4645-91 > .kt-inside-inner-col{flex-direction:column;justify-content:center;}}<\/style>\n<div class=\"wp-block-kadence-column kadence-column3_0a4645-91\"><div class=\"kt-inside-inner-col\"><style>.wp-block-kadence-advancedheading.kt-adv-heading3_e00b12-8b, .wp-block-kadence-advancedheading.kt-adv-heading3_e00b12-8b[data-kb-block=\"kb-adv-heading3_e00b12-8b\"]{font-style:normal;}.wp-block-kadence-advancedheading.kt-adv-heading3_e00b12-8b mark.kt-highlight, .wp-block-kadence-advancedheading.kt-adv-heading3_e00b12-8b[data-kb-block=\"kb-adv-heading3_e00b12-8b\"] mark.kt-highlight{font-style:normal;color:#f76a0c;-webkit-box-decoration-break:clone;box-decoration-break:clone;padding-top:0px;padding-right:0px;padding-bottom:0px;padding-left:0px;}.wp-block-kadence-advancedheading.kt-adv-heading3_e00b12-8b img.kb-inline-image, .wp-block-kadence-advancedheading.kt-adv-heading3_e00b12-8b[data-kb-block=\"kb-adv-heading3_e00b12-8b\"] img.kb-inline-image{width:150px;vertical-align:baseline;}<\/style>\n<h1 class=\"kt-adv-heading3_e00b12-8b h2 wp-block-kadence-advancedheading has-theme-palette-1-color has-text-color\" data-kb-block=\"kb-adv-heading3_e00b12-8b\">Integritetspolicy<\/h1>\n\n\n\n<p><strong>Personuppgiftsansvarig <\/strong><br\/>Indmeas Oy <br\/>Vaisalantie 6, 02130 Esbo, Finland <br\/>FO-nummer: 2273771-6 <\/p>\n\n\n\n<p><strong>Dataskyddsombud <\/strong><br\/>William Laur\u00e9n <br\/>Kontaktuppgifter: <br\/>william.lauren@indmeas.com <br\/>+358 (0)50- 493 3413 <\/p>\n\n\n\n<p><strong>Registrets namn <\/strong><br\/>Kund- och marknadsf\u00f6ringsregister <\/p>\n\n\n\n<p><strong>\u00c4ndam\u00e5let med behandlingen av personuppgifter <\/strong><br\/>Syftet med behandlingen \u00e4r att underh\u00e5lla, hantera och utveckla kundrelationen samt att f\u00f6rverkliga kundens och den personuppgiftsansvariges r\u00e4ttigheter och skyldigheter. Dessutom behandlas personuppgifter i enlighet med dataskyddslagen f\u00f6r \u00e4ndam\u00e5l relaterade till n\u00e4ttj\u00e4nster, forskningsverksamhet och f\u00f6r att rikta den personuppgiftsansvariges reklam och\/eller direktmarknadsf\u00f6ring baserat p\u00e5 kunddata via den personuppgiftsansvariges kanaler.  <\/p>\n\n\n\n<p><strong>Registrets datainneh\u00e5ll <\/strong><br\/>Registret inneh\u00e5ller f\u00f6ljande uppgifter om personer: <\/p>\n\n\n\n<ul class=\"wp-block-list\">\n<li>Namn <\/li>\n\n\n\n<li>Organisation och befattning <\/li>\n\n\n\n<li>E-postadress <\/li>\n\n\n\n<li>Mobil- och\/eller annat telefonnummer <\/li>\n\n\n\n<li>Organisationens adressuppgifter <\/li>\n\n\n\n<li>Marknadsf\u00f6ringssamtycken\/f\u00f6rbud <\/li>\n\n\n\n<li>Marknadsf\u00f6ringsklassificering (t.ex. prenumerant p\u00e5 nyhetsbrev, deltagare i kampanjer, bransch etc.) <\/li>\n\n\n\n<li>Tidpunkt f\u00f6r registreringen<br\/><br\/> <\/li>\n<\/ul>\n\n\n\n<p><strong>Regelbundna datak\u00e4llor <\/strong><br\/>Uppgifter samlas in fr\u00e5n f\u00f6retag n\u00e4r kundrelationen inleds och fr\u00e5n privatpersoner sj\u00e4lva via elektroniska registrerings-, kontakt-, best\u00e4llnings- och kampanjformul\u00e4r etc.  <\/p>\n\n\n\n<p><strong>Regelbundet utl\u00e4mnande av uppgifter <\/strong><br\/>Den personuppgiftsansvarige l\u00e4mnar inte ut personuppgifter till utomst\u00e5ende f\u00f6r marknadsf\u00f6rings\u00e4ndam\u00e5l. Vi anv\u00e4nder p\u00e5litliga tj\u00e4nsteleverant\u00f6rer (s\u00e5som <strong>Mailjet<\/strong> f\u00f6r utskick av nyhetsbrev) som fungerar som personuppgiftsbitr\u00e4den f\u00f6r v\u00e5r r\u00e4kning.  Uppgifter kan l\u00e4mnas ut till myndigheter i enlighet med lagstadgade krav. <\/p>\n\n\n\n<p><strong>\u00d6verf\u00f6ring av data utanf\u00f6r EU eller EES <\/strong> <br\/>Uppgifter behandlas i huvudsak inom EU\/EES. Vissa av v\u00e5ra tj\u00e4nsteleverant\u00f6rer (s\u00e5som <strong>Google<\/strong>) kan dock behandla uppgifter i USA.  Vi s\u00e4kerst\u00e4ller att s\u00e5dana \u00f6verf\u00f6ringar skyddas av EU-U.S. Data Privacy Framework eller standardavtalsklausuler (SCC) godk\u00e4nda av Europeiska kommissionen. <\/p>\n\n\n\n<p><strong>Radering av uppgifter <\/strong><br\/>Uppgifter kan raderas p\u00e5 personens beg\u00e4ran eller p\u00e5 grund av att kundf\u00f6rh\u00e5llandet upph\u00f6r. <\/p>\n\n\n\n<p><strong>Principer f\u00f6r skydd av registret<\/strong> <br\/>Personuppgifter h\u00e5lls konfidentiella och skyddas mot obeh\u00f6rig \u00e5tkomst. Tillg\u00e5ng till registret har endast personer anst\u00e4llda av Indmeas Oy eller auktoriserade akt\u00f6rer. Enheter \u00e4r skyddade med personliga inloggningsuppgifter och finns i \u00f6vervakade lokaler.   Indmeas.com \u00e4r skyddad med ett SSL-certifikat. <\/p>\n\n\n\n<p><strong>R\u00e4ttslig grund f\u00f6r behandling<\/strong>  <\/p>\n\n\n\n<ul class=\"wp-block-list\">\n<li>Underh\u00e5ll av kundrelationen <\/li>\n\n\n\n<li>Marknadsf\u00f6ring <\/li>\n\n\n\n<li>Fullg\u00f6rande av avtalsf\u00f6rpliktelser <\/li>\n<\/ul>\n\n\n\n<p><strong>R\u00e4tt till insyn <\/strong><br\/>Den registrerade har r\u00e4tt enligt GDPR att kontrollera uppgifter som r\u00f6r hen via en skriftlig beg\u00e4ran. Den registrerade har \u00e4ven r\u00e4tt att beg\u00e4ra r\u00e4ttelse eller radering av uppgifter samt att \u00e5terkalla sitt marknadsf\u00f6ringssamtycke.  <\/p>\n\n\n\n<p><strong>R\u00e4tt att anf\u00f6ra besv\u00e4r <\/strong><br\/>R\u00e4tt att anf\u00f6ra besv\u00e4r hos Dataombudsmannen: tietosuoja.fi <\/p>\n\n\n\n<p><strong>L\u00e4nkar &amp; cookies <\/strong><br\/>V\u00e5r webbplats kan inneh\u00e5lla l\u00e4nkar till tredjepartswebbplatser; Indmeas ansvarar inte f\u00f6r deras inneh\u00e5ll. Vi anv\u00e4nder cookies f\u00f6r att f\u00f6lja bes\u00f6ksstatistik (<strong>Google Analytics<\/strong>) och f\u00f6r hantering av skript <strong>Google Tag Manager<\/strong>). Cookies anv\u00e4nds \u00e4ven f\u00f6r att spara spr\u00e5kval.  <\/p>\n<\/div><\/div>\n\n<\/div><\/div>","protected":false},"excerpt":{"rendered":"<p>Integritetspolicy Personuppgiftsansvarig Indmeas Oy Vaisalantie 6, 02130 Esbo, Finland FO-nummer: 2273771-6 Dataskyddsombud William Laur\u00e9n Kontaktuppgifter: william.lauren@indmeas.com +358 (0)50- 493 3413 Registrets namn Kund- och marknadsf\u00f6ringsregister \u00c4ndam\u00e5let med behandlingen av personuppgifter Syftet med behandlingen \u00e4r att underh\u00e5lla, hantera och utveckla kundrelationen samt att f\u00f6rverkliga kundens och den personuppgiftsansvariges r\u00e4ttigheter och skyldigheter. Dessutom behandlas personuppgifter i enlighet&#8230;<\/p>\n","protected":false},"author":1,"featured_media":0,"parent":0,"menu_order":0,"comment_status":"closed","ping_status":"closed","template":"","meta":{"_acf_changed":false,"_kad_blocks_custom_css":"","_kad_blocks_head_custom_js":"","_kad_blocks_body_custom_js":"","_kad_blocks_footer_custom_js":"","_kad_post_transparent":"","_kad_post_title":"","_kad_post_layout":"","_kad_post_sidebar_id":"","_kad_post_content_style":"","_kad_post_vertical_padding":"","_kad_post_feature":"","_kad_post_feature_position":"","_kad_post_header":false,"_kad_post_footer":false,"_kad_post_classname":"","footnotes":""},"class_list":["post-1665","page","type-page","status-publish","hentry"],"acf":[],"taxonomy_info":[],"featured_image_src_large":false,"author_info":{"display_name":"Digiteam","author_link":"https:\/\/indmeas.com\/sv\/author\/webdigiteam-fi\/"},"comment_info":"","_links":{"self":[{"href":"https:\/\/indmeas.com\/sv\/wp-json\/wp\/v2\/pages\/1665","targetHints":{"allow":["GET"]}}],"collection":[{"href":"https:\/\/indmeas.com\/sv\/wp-json\/wp\/v2\/pages"}],"about":[{"href":"https:\/\/indmeas.com\/sv\/wp-json\/wp\/v2\/types\/page"}],"author":[{"embeddable":true,"href":"https:\/\/indmeas.com\/sv\/wp-json\/wp\/v2\/users\/1"}],"replies":[{"embeddable":true,"href":"https:\/\/indmeas.com\/sv\/wp-json\/wp\/v2\/comments?post=1665"}],"version-history":[{"count":4,"href":"https:\/\/indmeas.com\/sv\/wp-json\/wp\/v2\/pages\/1665\/revisions"}],"predecessor-version":[{"id":6004,"href":"https:\/\/indmeas.com\/sv\/wp-json\/wp\/v2\/pages\/1665\/revisions\/6004"}],"wp:attachment":[{"href":"https:\/\/indmeas.com\/sv\/wp-json\/wp\/v2\/media?parent=1665"}],"curies":[{"name":"wp","href":"https:\/\/api.w.org\/{rel}","templated":true}]}}